{"id":53,"date":"2019-10-16T13:59:03","date_gmt":"2019-10-16T11:59:03","guid":{"rendered":"https:\/\/www.soulwind.eu\/blog\/?page_id=53"},"modified":"2023-10-07T16:14:05","modified_gmt":"2023-10-07T14:14:05","slug":"about-this-blog","status":"publish","type":"page","link":"https:\/\/www.soulwind.eu\/blog\/about-this-blog\/","title":{"rendered":"\u00dcber diesen Blog"},"content":{"rendered":"\n<p><\/p>\n\n\n\n<p>Dies ist ein Blog \u00fcber Tr\u00e4ume und eine schamanische Sicht auf sie. Wenn Sie Fragen haben oder Ihren Traum besprechen m\u00f6chten, kontaktieren Sie mich bitte direkt f\u00fcr eine Traumberatung.<\/p>\n\n\n\n<div class=\"wp-block-buttons is-layout-flex wp-block-buttons-is-layout-flex\">\n<div class=\"wp-block-button\"><a class=\"wp-block-button__link wp-element-button\" href=\"https:\/\/www.soulwind.eu\/blog\/contact\/\">Kontakt<\/a><\/div>\n<\/div>\n","protected":false},"excerpt":{"rendered":"<p>Dies ist ein Blog \u00fcber Tr\u00e4ume und eine schamanische Sicht auf sie. Wenn Sie Fragen haben oder Ihren Traum besprechen m\u00f6chten, kontaktieren Sie mich bitte direkt f\u00fcr eine Traumberatung.<\/p>\n","protected":false},"author":3,"featured_media":0,"parent":0,"menu_order":0,"comment_status":"closed","ping_status":"closed","template":"","meta":{"footnotes":""},"class_list":["post-53","page","type-page","status-publish"],"yoast_head":"<!-- This site is optimized with the Yoast SEO plugin v26.0 - https:\/\/yoast.com\/wordpress\/plugins\/seo\/ -->\n<title>\u00dcber diesen Blog - soulwind dream blog<\/title>\n<meta name=\"description\" content=\"dreamblog, learn to understand the language of your dreams, inspiring tips and information about your dreams,\" \/>\n<meta name=\"robots\" content=\"index, follow, max-snippet:-1, max-image-preview:large, max-video-preview:-1\" \/>\n<link rel=\"canonical\" href=\"https:\/\/www.soulwind.eu\/blog\/about-this-blog\/\" \/>\n<meta property=\"og:locale\" content=\"de_DE\" \/>\n<meta property=\"og:type\" content=\"article\" \/>\n<meta property=\"og:title\" content=\"\u00dcber diesen Blog - soulwind dream blog\" \/>\n<meta property=\"og:description\" content=\"dreamblog, learn to understand the language of your dreams, inspiring tips and information about your dreams,\" \/>\n<meta property=\"og:url\" content=\"https:\/\/www.soulwind.eu\/blog\/about-this-blog\/\" \/>\n<meta property=\"og:site_name\" content=\"soulwind dream blog\" \/>\n<meta property=\"article:modified_time\" content=\"2023-10-07T14:14:05+00:00\" \/>\n<meta name=\"twitter:card\" content=\"summary_large_image\" \/>\n<meta name=\"twitter:label1\" content=\"Gesch\u00e4tzte Lesezeit\" \/>\n\t<meta name=\"twitter:data1\" content=\"1\u00a0Minute\" \/>\n<script type=\"application\/ld+json\" class=\"yoast-schema-graph\">{\"@context\":\"https:\/\/schema.org\",\"@graph\":[{\"@type\":\"WebPage\",\"@id\":\"https:\/\/www.soulwind.eu\/blog\/about-this-blog\/\",\"url\":\"https:\/\/www.soulwind.eu\/blog\/about-this-blog\/\",\"name\":\"\u00dcber diesen Blog - soulwind dream blog\",\"isPartOf\":{\"@id\":\"https:\/\/www.soulwind.eu\/blog\/#website\"},\"datePublished\":\"2019-10-16T11:59:03+00:00\",\"dateModified\":\"2023-10-07T14:14:05+00:00\",\"description\":\"dreamblog, learn to understand the language of your dreams, inspiring tips and information about your dreams,\",\"breadcrumb\":{\"@id\":\"https:\/\/www.soulwind.eu\/blog\/about-this-blog\/#breadcrumb\"},\"inLanguage\":\"de\",\"potentialAction\":[{\"@type\":\"ReadAction\",\"target\":[\"https:\/\/www.soulwind.eu\/blog\/about-this-blog\/\"]}]},{\"@type\":\"BreadcrumbList\",\"@id\":\"https:\/\/www.soulwind.eu\/blog\/about-this-blog\/#breadcrumb\",\"itemListElement\":[{\"@type\":\"ListItem\",\"position\":1,\"name\":\"Home\",\"item\":\"https:\/\/www.soulwind.eu\/blog\/\"},{\"@type\":\"ListItem\",\"position\":2,\"name\":\"\u00dcber diesen Blog\"}]},{\"@type\":\"WebSite\",\"@id\":\"https:\/\/www.soulwind.eu\/blog\/#website\",\"url\":\"https:\/\/www.soulwind.eu\/blog\/\",\"name\":\"soulwind dream blog\",\"description\":\"Ich musste Tr\u00e4ume haben, bevor ich etwas tun konnte (Isaac Tens Gitskan-Schaman)\",\"publisher\":{\"@id\":\"https:\/\/www.soulwind.eu\/blog\/#organization\"},\"potentialAction\":[{\"@type\":\"SearchAction\",\"target\":{\"@type\":\"EntryPoint\",\"urlTemplate\":\"https:\/\/www.soulwind.eu\/blog\/?s={search_term_string}\"},\"query-input\":{\"@type\":\"PropertyValueSpecification\",\"valueRequired\":true,\"valueName\":\"search_term_string\"}}],\"inLanguage\":\"de\"},{\"@type\":\"Organization\",\"@id\":\"https:\/\/www.soulwind.eu\/blog\/#organization\",\"name\":\"soulwind dream blog\",\"url\":\"https:\/\/www.soulwind.eu\/blog\/\",\"logo\":{\"@type\":\"ImageObject\",\"inLanguage\":\"de\",\"@id\":\"https:\/\/www.soulwind.eu\/blog\/#\/schema\/logo\/image\/\",\"url\":\"https:\/\/www.soulwind.eu\/blog\/wp-content\/uploads\/2023\/10\/header-image-dreamblog-1.jpg\",\"contentUrl\":\"https:\/\/www.soulwind.eu\/blog\/wp-content\/uploads\/2023\/10\/header-image-dreamblog-1.jpg\",\"width\":2400,\"height\":762,\"caption\":\"soulwind dream blog\"},\"image\":{\"@id\":\"https:\/\/www.soulwind.eu\/blog\/#\/schema\/logo\/image\/\"}}]}<\/script>\n<!-- \/ Yoast SEO plugin. -->","yoast_head_json":{"title":"\u00dcber diesen Blog - soulwind dream blog","description":"dreamblog, learn to understand the language of your dreams, inspiring tips and information about your dreams,","robots":{"index":"index","follow":"follow","max-snippet":"max-snippet:-1","max-image-preview":"max-image-preview:large","max-video-preview":"max-video-preview:-1"},"canonical":"https:\/\/www.soulwind.eu\/blog\/about-this-blog\/","og_locale":"de_DE","og_type":"article","og_title":"\u00dcber diesen Blog - soulwind dream blog","og_description":"dreamblog, learn to understand the language of your dreams, inspiring tips and information about your dreams,","og_url":"https:\/\/www.soulwind.eu\/blog\/about-this-blog\/","og_site_name":"soulwind dream blog","article_modified_time":"2023-10-07T14:14:05+00:00","twitter_card":"summary_large_image","twitter_misc":{"Gesch\u00e4tzte Lesezeit":"1\u00a0Minute"},"schema":{"@context":"https:\/\/schema.org","@graph":[{"@type":"WebPage","@id":"https:\/\/www.soulwind.eu\/blog\/about-this-blog\/","url":"https:\/\/www.soulwind.eu\/blog\/about-this-blog\/","name":"\u00dcber diesen Blog - soulwind dream blog","isPartOf":{"@id":"https:\/\/www.soulwind.eu\/blog\/#website"},"datePublished":"2019-10-16T11:59:03+00:00","dateModified":"2023-10-07T14:14:05+00:00","description":"dreamblog, learn to understand the language of your dreams, inspiring tips and information about your dreams,","breadcrumb":{"@id":"https:\/\/www.soulwind.eu\/blog\/about-this-blog\/#breadcrumb"},"inLanguage":"de","potentialAction":[{"@type":"ReadAction","target":["https:\/\/www.soulwind.eu\/blog\/about-this-blog\/"]}]},{"@type":"BreadcrumbList","@id":"https:\/\/www.soulwind.eu\/blog\/about-this-blog\/#breadcrumb","itemListElement":[{"@type":"ListItem","position":1,"name":"Home","item":"https:\/\/www.soulwind.eu\/blog\/"},{"@type":"ListItem","position":2,"name":"\u00dcber diesen Blog"}]},{"@type":"WebSite","@id":"https:\/\/www.soulwind.eu\/blog\/#website","url":"https:\/\/www.soulwind.eu\/blog\/","name":"soulwind dream blog","description":"Ich musste Tr\u00e4ume haben, bevor ich etwas tun konnte (Isaac Tens Gitskan-Schaman)","publisher":{"@id":"https:\/\/www.soulwind.eu\/blog\/#organization"},"potentialAction":[{"@type":"SearchAction","target":{"@type":"EntryPoint","urlTemplate":"https:\/\/www.soulwind.eu\/blog\/?s={search_term_string}"},"query-input":{"@type":"PropertyValueSpecification","valueRequired":true,"valueName":"search_term_string"}}],"inLanguage":"de"},{"@type":"Organization","@id":"https:\/\/www.soulwind.eu\/blog\/#organization","name":"soulwind dream blog","url":"https:\/\/www.soulwind.eu\/blog\/","logo":{"@type":"ImageObject","inLanguage":"de","@id":"https:\/\/www.soulwind.eu\/blog\/#\/schema\/logo\/image\/","url":"https:\/\/www.soulwind.eu\/blog\/wp-content\/uploads\/2023\/10\/header-image-dreamblog-1.jpg","contentUrl":"https:\/\/www.soulwind.eu\/blog\/wp-content\/uploads\/2023\/10\/header-image-dreamblog-1.jpg","width":2400,"height":762,"caption":"soulwind dream blog"},"image":{"@id":"https:\/\/www.soulwind.eu\/blog\/#\/schema\/logo\/image\/"}}]}},"_links":{"self":[{"href":"https:\/\/www.soulwind.eu\/blog\/wp-json\/wp\/v2\/pages\/53","targetHints":{"allow":["GET"]}}],"collection":[{"href":"https:\/\/www.soulwind.eu\/blog\/wp-json\/wp\/v2\/pages"}],"about":[{"href":"https:\/\/www.soulwind.eu\/blog\/wp-json\/wp\/v2\/types\/page"}],"author":[{"embeddable":true,"href":"https:\/\/www.soulwind.eu\/blog\/wp-json\/wp\/v2\/users\/3"}],"replies":[{"embeddable":true,"href":"https:\/\/www.soulwind.eu\/blog\/wp-json\/wp\/v2\/comments?post=53"}],"version-history":[{"count":5,"href":"https:\/\/www.soulwind.eu\/blog\/wp-json\/wp\/v2\/pages\/53\/revisions"}],"predecessor-version":[{"id":272,"href":"https:\/\/www.soulwind.eu\/blog\/wp-json\/wp\/v2\/pages\/53\/revisions\/272"}],"wp:attachment":[{"href":"https:\/\/www.soulwind.eu\/blog\/wp-json\/wp\/v2\/media?parent=53"}],"curies":[{"name":"wp","href":"https:\/\/api.w.org\/{rel}","templated":true}]}}